{"id":341,"date":"2023-01-11T07:16:18","date_gmt":"2023-01-10T23:16:18","guid":{"rendered":"https:\/\/xtertainment.com\/?page_id=341"},"modified":"2023-01-11T08:03:43","modified_gmt":"2023-01-11T00:03:43","slug":"catering","status":"publish","type":"page","link":"https:\/\/xtertainment.com\/en\/catering\/","title":{"rendered":"CATERING"},"content":{"rendered":"<div data-elementor-type=\"wp-page\" data-elementor-id=\"341\" class=\"elementor elementor-341\">\n\t\t\t\t\t\t<section class=\"elementor-section elementor-top-section elementor-element elementor-element-f18cbf1 elementor-section-boxed elementor-section-height-default elementor-section-height-default\" data-id=\"f18cbf1\" data-element_type=\"section\">\n\t\t\t\t\t\t<div class=\"elementor-container elementor-column-gap-default\">\n\t\t\t\t\t<div class=\"elementor-column elementor-col-100 elementor-top-column elementor-element elementor-element-80bc3ee\" data-id=\"80bc3ee\" data-element_type=\"column\">\n\t\t\t<div class=\"elementor-widget-wrap elementor-element-populated\">\n\t\t\t\t\t\t<div class=\"elementor-element elementor-element-5f13f4f elementor-widget elementor-widget-heading\" data-id=\"5f13f4f\" data-element_type=\"widget\" data-widget_type=\"heading.default\">\n\t\t\t\t<div class=\"elementor-widget-container\">\n\t\t\t\t\t<p class=\"elementor-heading-title elementor-size-medium\">Xtertainment's business partner<\/p>\t\t\t\t<\/div>\n\t\t\t\t<\/div>\n\t\t\t\t<div class=\"elementor-element elementor-element-a5a830d elementor-widget elementor-widget-image\" data-id=\"a5a830d\" data-element_type=\"widget\" data-widget_type=\"image.default\">\n\t\t\t\t<div class=\"elementor-widget-container\">\n\t\t\t\t\t\t\t\t\t\t\t\t\t\t\t\t<a href=\"http:\/\/rabiaskitchen.com\/our-products\/\" target=\"_blank\">\n\t\t\t\t\t\t\t<img fetchpriority=\"high\" decoding=\"async\" width=\"300\" height=\"300\" src=\"https:\/\/xtertainment.com\/wp-content\/uploads\/2023\/01\/RK_Logo_300x300-300x300.jpg\" class=\"attachment-medium size-medium wp-image-343\" alt=\"\" srcset=\"https:\/\/xtertainment.com\/wp-content\/uploads\/2023\/01\/RK_Logo_300x300.jpg 300w, https:\/\/xtertainment.com\/wp-content\/uploads\/2023\/01\/RK_Logo_300x300-150x150.jpg 150w, https:\/\/xtertainment.com\/wp-content\/uploads\/2023\/01\/RK_Logo_300x300-12x12.jpg 12w, https:\/\/xtertainment.com\/wp-content\/uploads\/2023\/01\/RK_Logo_300x300-230x230.jpg 230w, https:\/\/xtertainment.com\/wp-content\/uploads\/2023\/01\/RK_Logo_300x300-100x100.jpg 100w\" sizes=\"(max-width: 300px) 100vw, 300px\" \/>\t\t\t\t\t\t\t\t<\/a>\n\t\t\t\t\t\t\t\t\t\t\t\t\t\t\t<\/div>\n\t\t\t\t<\/div>\n\t\t\t\t<div class=\"elementor-element elementor-element-79efa24 elementor-widget elementor-widget-heading\" data-id=\"79efa24\" data-element_type=\"widget\" data-widget_type=\"heading.default\">\n\t\t\t\t<div class=\"elementor-widget-container\">\n\t\t\t\t\t<p class=\"elementor-heading-title elementor-size-medium\">Please click on the logo above to see Xtertainment Catering Menu<\/p>\t\t\t\t<\/div>\n\t\t\t\t<\/div>\n\t\t\t\t\t<\/div>\n\t\t<\/div>\n\t\t\t\t\t<\/div>\n\t\t<\/section>\n\t\t\t\t<\/div>","protected":false},"excerpt":{"rendered":"<p>Xtertainment&#8217;in catering i\u015f orta\u011f\u0131 Xtertainment Catering Men\u00fcs\u00fcn\u00fc g\u00f6rmek i\u00e7in yukar\u0131daki logoya t\u0131klayabilirsiniz<\/p>","protected":false},"author":2,"featured_media":0,"parent":0,"menu_order":0,"comment_status":"closed","ping_status":"closed","template":"","meta":{"footnotes":""},"class_list":["post-341","page","type-page","status-publish","hentry"],"_links":{"self":[{"href":"https:\/\/xtertainment.com\/en\/wp-json\/wp\/v2\/pages\/341","targetHints":{"allow":["GET"]}}],"collection":[{"href":"https:\/\/xtertainment.com\/en\/wp-json\/wp\/v2\/pages"}],"about":[{"href":"https:\/\/xtertainment.com\/en\/wp-json\/wp\/v2\/types\/page"}],"author":[{"embeddable":true,"href":"https:\/\/xtertainment.com\/en\/wp-json\/wp\/v2\/users\/2"}],"replies":[{"embeddable":true,"href":"https:\/\/xtertainment.com\/en\/wp-json\/wp\/v2\/comments?post=341"}],"version-history":[{"count":17,"href":"https:\/\/xtertainment.com\/en\/wp-json\/wp\/v2\/pages\/341\/revisions"}],"predecessor-version":[{"id":361,"href":"https:\/\/xtertainment.com\/en\/wp-json\/wp\/v2\/pages\/341\/revisions\/361"}],"wp:attachment":[{"href":"https:\/\/xtertainment.com\/en\/wp-json\/wp\/v2\/media?parent=341"}],"curies":[{"name":"wp","href":"https:\/\/api.w.org\/{rel}","templated":true}]}}